{"id":4414,"date":"2023-11-17T16:53:41","date_gmt":"2023-11-17T16:53:41","guid":{"rendered":"https:\/\/gna.news\/?page_id=4414"},"modified":"2025-05-20T15:44:26","modified_gmt":"2025-05-20T15:44:26","slug":"contact-us","status":"publish","type":"page","link":"https:\/\/gna.news\/es\/contact-us\/","title":{"rendered":"Cont\u00e1ctenos"},"content":{"rendered":"<section class=\"wpb-content-wrapper\"><div class=\"vc_row wpb_row vc_row-fluid vc_row_visible\"><div class=\"wpb_column vc_column_container vc_col-sm-12 text-left\"><div class=\"vc_column-inner\"><div class=\"wpb_wrapper\">\n\t<div class=\"wpb_text_column wpb_content_element  vc_custom_1700253820740\" >\n\t\t<div class=\"wpb_wrapper\">\n\t\t\t<p>Gracias por su inter\u00e9s en Global News Alliance. Complete la informaci\u00f3n a continuaci\u00f3n para que podamos brindarle el mejor servicio.<\/p>\n\n\t\t<\/div>\n\t<\/div>\n<\/div><\/div><\/div><\/div><div class=\"vc_row wpb_row vc_row-fluid vc_row_visible\"><div class=\"wpb_column vc_column_container vc_col-sm-8 text-left\"><div class=\"vc_column-inner\"><div class=\"wpb_wrapper\">\n\t<div class=\"wpb_text_column wpb_content_element\" >\n\t\t<div class=\"wpb_wrapper\">\n\t\t\t<p><script charset=\"utf-8\" type=\"text\/javascript\" src=\"\/\/js.hsforms.net\/forms\/embed\/v2.js\"><\/script><br \/>\n<script>\n  hbspt.forms.create({\n    region: \"na1\",\n    portalId: \"22683992\",\n    formId: \"e2d46876-973e-468a-9fe2-11e82ecd82e2\"\n  });\n<\/script><\/p>\n\n\t\t<\/div>\n\t<\/div>\n<\/div><\/div><\/div><div class=\"wpb_column vc_column_container vc_col-sm-4 text-left\"><div class=\"vc_column-inner\"><div class=\"wpb_wrapper\"><div class=\"d-inline-block\" ><div class=\"pix-img-el  vc_custom_1700239925320   text-left d-inline-block  w-100 rounded-xl\"  ><img fetchpriority=\"high\" decoding=\"async\" class=\"card-img2 pix-img-elem rounded-xl  h-1002\" style=\"height:auto;\" width=\"865\" height=\"836\" src=\"https:\/\/gna.news\/wp-content\/uploads\/2023\/11\/iStock-1389105414-e.jpg\" alt=\"\" \/><\/div><\/div><\/div><\/div><\/div><\/div><!-- \/wp:post-content --><\/section>","protected":false},"excerpt":{"rendered":"Gracias por su inter\u00e9s en Global News Alliance. Complete la informaci\u00f3n a continuaci\u00f3n para que podamos brindarle el mejor servicio.","protected":false},"author":3,"featured_media":0,"parent":0,"menu_order":0,"comment_status":"closed","ping_status":"closed","template":"","meta":{"pgc_meta":"","content-type":"","inline_featured_image":false,"_monsterinsights_skip_tracking":false,"_monsterinsights_sitenote_active":false,"_monsterinsights_sitenote_note":"","_monsterinsights_sitenote_category":0,"footnotes":""},"class_list":["post-4414","page","type-page","status-publish","hentry"],"acf":[],"pgc_meta":"","yoast_head":"<!-- This site is optimized with the Yoast SEO plugin v22.8 - https:\/\/yoast.com\/wordpress\/plugins\/seo\/ -->\n<title>Contact Us - Global News Alliance<\/title>\n<meta name=\"robots\" content=\"index, follow, max-snippet:-1, max-image-preview:large, max-video-preview:-1\" \/>\n<link rel=\"canonical\" href=\"https:\/\/gna.news\/es\/contact-us\/\" \/>\n<meta property=\"og:locale\" content=\"es_ES\" \/>\n<meta property=\"og:type\" content=\"article\" \/>\n<meta property=\"og:title\" content=\"Contact Us - Global News Alliance\" \/>\n<meta property=\"og:url\" content=\"https:\/\/gna.news\/es\/contact-us\/\" \/>\n<meta property=\"og:site_name\" content=\"Global News Alliance\" \/>\n<meta property=\"article:modified_time\" content=\"2025-05-20T15:44:26+00:00\" \/>\n<meta name=\"twitter:card\" content=\"summary_large_image\" \/>\n<meta name=\"twitter:label1\" content=\"Tiempo de lectura\" \/>\n\t<meta name=\"twitter:data1\" content=\"1 minuto\" \/>\n<script type=\"application\/ld+json\" class=\"yoast-schema-graph\">{\"@context\":\"https:\/\/schema.org\",\"@graph\":[{\"@type\":\"WebPage\",\"@id\":\"https:\/\/gna.news\/contact-us\/\",\"url\":\"https:\/\/gna.news\/contact-us\/\",\"name\":\"Contact Us - Global News Alliance\",\"isPartOf\":{\"@id\":\"https:\/\/gna.news\/#website\"},\"datePublished\":\"2023-11-17T16:53:41+00:00\",\"dateModified\":\"2025-05-20T15:44:26+00:00\",\"breadcrumb\":{\"@id\":\"https:\/\/gna.news\/contact-us\/#breadcrumb\"},\"inLanguage\":\"es\",\"potentialAction\":[{\"@type\":\"ReadAction\",\"target\":[\"https:\/\/gna.news\/contact-us\/\"]}]},{\"@type\":\"BreadcrumbList\",\"@id\":\"https:\/\/gna.news\/contact-us\/#breadcrumb\",\"itemListElement\":[{\"@type\":\"ListItem\",\"position\":1,\"name\":\"Home\",\"item\":\"https:\/\/gna.news\/\"},{\"@type\":\"ListItem\",\"position\":2,\"name\":\"Contact Us\"}]},{\"@type\":\"WebSite\",\"@id\":\"https:\/\/gna.news\/#website\",\"url\":\"https:\/\/gna.news\/\",\"name\":\"Global News Alliance\",\"description\":\"The Global News Alliance\",\"potentialAction\":[{\"@type\":\"SearchAction\",\"target\":{\"@type\":\"EntryPoint\",\"urlTemplate\":\"https:\/\/gna.news\/?s={search_term_string}\"},\"query-input\":\"required name=search_term_string\"}],\"inLanguage\":\"es\"}]}<\/script>\n<!-- \/ Yoast SEO plugin. -->","yoast_head_json":{"title":"Contact Us - Global News Alliance","robots":{"index":"index","follow":"follow","max-snippet":"max-snippet:-1","max-image-preview":"max-image-preview:large","max-video-preview":"max-video-preview:-1"},"canonical":"https:\/\/gna.news\/es\/contact-us\/","og_locale":"es_ES","og_type":"article","og_title":"Contact Us - Global News Alliance","og_url":"https:\/\/gna.news\/es\/contact-us\/","og_site_name":"Global News Alliance","article_modified_time":"2025-05-20T15:44:26+00:00","twitter_card":"summary_large_image","twitter_misc":{"Tiempo de lectura":"1 minuto"},"schema":{"@context":"https:\/\/schema.org","@graph":[{"@type":"WebPage","@id":"https:\/\/gna.news\/contact-us\/","url":"https:\/\/gna.news\/contact-us\/","name":"Contact Us - Global News Alliance","isPartOf":{"@id":"https:\/\/gna.news\/#website"},"datePublished":"2023-11-17T16:53:41+00:00","dateModified":"2025-05-20T15:44:26+00:00","breadcrumb":{"@id":"https:\/\/gna.news\/contact-us\/#breadcrumb"},"inLanguage":"es","potentialAction":[{"@type":"ReadAction","target":["https:\/\/gna.news\/contact-us\/"]}]},{"@type":"BreadcrumbList","@id":"https:\/\/gna.news\/contact-us\/#breadcrumb","itemListElement":[{"@type":"ListItem","position":1,"name":"Home","item":"https:\/\/gna.news\/"},{"@type":"ListItem","position":2,"name":"Contact Us"}]},{"@type":"WebSite","@id":"https:\/\/gna.news\/#website","url":"https:\/\/gna.news\/","name":"Global News Alliance","description":"The Global News Alliance","potentialAction":[{"@type":"SearchAction","target":{"@type":"EntryPoint","urlTemplate":"https:\/\/gna.news\/?s={search_term_string}"},"query-input":"required name=search_term_string"}],"inLanguage":"es"}]}},"rttpg_featured_image_url":null,"rttpg_author":{"display_name":"GNA Media Team","author_link":"https:\/\/gna.news\/es\/story-item\/author\/pavel-bulginbbgsolutions-com\/"},"rttpg_comment":0,"rttpg_category":null,"rttpg_excerpt":null,"_links":{"self":[{"href":"https:\/\/gna.news\/es\/wp-json\/wp\/v2\/pages\/4414","targetHints":{"allow":["GET"]}}],"collection":[{"href":"https:\/\/gna.news\/es\/wp-json\/wp\/v2\/pages"}],"about":[{"href":"https:\/\/gna.news\/es\/wp-json\/wp\/v2\/types\/page"}],"author":[{"embeddable":true,"href":"https:\/\/gna.news\/es\/wp-json\/wp\/v2\/users\/3"}],"replies":[{"embeddable":true,"href":"https:\/\/gna.news\/es\/wp-json\/wp\/v2\/comments?post=4414"}],"version-history":[{"count":0,"href":"https:\/\/gna.news\/es\/wp-json\/wp\/v2\/pages\/4414\/revisions"}],"wp:attachment":[{"href":"https:\/\/gna.news\/es\/wp-json\/wp\/v2\/media?parent=4414"}],"curies":[{"name":"wp","href":"https:\/\/api.w.org\/{rel}","templated":true}]}}