{"id":64,"date":"2023-03-09T17:06:33","date_gmt":"2023-03-09T17:06:33","guid":{"rendered":"https:\/\/globalnewsally.wpengine.com\/?page_id=64"},"modified":"2024-02-14T16:24:51","modified_gmt":"2024-02-14T16:24:51","slug":"vision","status":"publish","type":"page","link":"https:\/\/gna.news\/es\/vision\/","title":{"rendered":"Visi\u00f3n y Misi\u00f3n de GNA"},"content":{"rendered":"<section class=\"wpb-content-wrapper\"><section data-vc-full-width=\"true\" data-vc-full-width-init=\"false\" class=\"vc_section inside-section vc_section_visible vc_custom_1686698969157\" data-section-name=\"\"><div class=\"pix-divider pix-bottom-divider\" data-style=\"style-19\" style=\"bottom:-1px;\"><svg xmlns=\"http:\/\/www.w3.org\/2000\/svg\" width=\"100%\"  viewbox=\"0 0 1200 415\" preserveaspectratio=\"none\"><g class=\"animate-in\" data-anim-type=\"fade-in-up\" data-anim-delay=\"200\"><path fill=\"url(#divider-80710-bottom-overlay-layer-3)\" d=\"M5.68434189e-13,292.788567 C80.6666667,271.41188 159.333333,260.723537 236,260.723537 C421,260.723537 525,344.759008 670,273.729027 C788.879994,215.494242 940.849865,-5.02123357 1200,0.788566864 C1200,33.4552335 1200,171.525711 1200,415 L9.19819776e-13,414.788567 L5.68434189e-13,292.788567 Z\" \/><\/g><g class=\"animate-in\" data-anim-type=\"fade-in-up\" data-anim-delay=\"\"><path fill=\"url(#divider-80710-bottom-overlay-layer-2)\" d=\"M2.08355555e-12,332.788567 C80.6666667,284.745214 159.333333,260.723537 236,260.723537 C421,260.723537 525,344.759008 670,273.729027 C789.08369,215.39446 940.387018,21.5609115 1200,37.7885669 C1200,55.7885669 1200,181.525711 1200,415 L1.8189894e-12,414.788567 L2.08355555e-12,332.788567 Z\"  \/><\/g><path fill=\"#ffffff\" d=\"M9.09494702e-13,373.771254 C80.6666667,298.406109 159.333333,260.723537 236,260.723537 C421,260.723537 525,344.759008 670,273.729027 C789.088175,215.392262 940.369069,48.85905 1200,74.7885669 C1200,148.788567 1200,262.192378 1200,415 L1.0227342e-12,414.788567 L9.09494702e-13,373.771254 Z\"\/><defs><lineargradient id=\"divider-80710-bottom-overlay-layer-3\" x1=\"0%\" y1=\"0%\" x2=\"100%\" y2=\"0%\"><stop offset=\"0%\"   stop-color=\"#e9ecef\"\/><stop offset=\"100%\"   stop-color=\"#dee2e6\"\/><\/lineargradient><lineargradient id=\"divider-80710-bottom-overlay-layer-2\" x1=\"0%\" y1=\"0%\" x2=\"100%\" y2=\"0%\"><stop offset=\"0%\"   stop-color=\"rgba(255,255,255,0.7)\"\/><stop offset=\"100%\"   stop-color=\"rgba(255,255,255,0.7)\"\/><\/lineargradient><\/defs><\/svg><\/div><div class=\"vc_row wpb_row vc_row-fluid vc_row_visible vc_custom_1686695739964\"><div class=\"wpb_column vc_column_container vc_col-sm-12 text-left\"><div class=\"vc_column-inner\"><div class=\"wpb_wrapper\"><div class=\"d-inline-block\" ><div class=\"animate-in  d-inline-block\" data-anim-type=\"fade-in-up\" data-anim-delay=\"0\"><div class=\"pix-img-el    shadow-lg text-left d-inline-block  w-100 rounded-xl\"  ><img fetchpriority=\"high\" decoding=\"async\" class=\"card-img2 pix-img-elem rounded-xl  h-1002\" style=\"height:auto;\" width=\"2560\" height=\"1350\" src=\"https:\/\/gna.news\/wp-content\/uploads\/2023\/06\/istock-483047213-scaled-1-e1686695525272.jpg\" alt=\"\" \/><\/div><\/div><\/div><\/div><\/div><\/div><\/div><div class=\"vc_row wpb_row vc_row-fluid vc_row_visible vc_custom_1686695679063\"><div class=\"wpb_column vc_column_container vc_col-sm-1 text-left\"><div class=\"vc_column-inner\"><div class=\"wpb_wrapper\"><\/div><\/div><\/div><div class=\"wpb_column vc_column_container vc_col-sm-3 text-left\"><div class=\"vc_column-inner\"><div class=\"wpb_wrapper\"><h3 style=\"text-align: left\" class=\"vc_custom_heading\" >VISI\u00d3N<\/h3><\/div><\/div><\/div><div class=\"wpb_column vc_column_container vc_col-sm-7 text-left\"><div class=\"vc_column-inner\"><div class=\"wpb_wrapper\"><div class=\"pix-el-text w-100\" ><p class=\"text-body-default\" ><span class=\"text-body-default animate-in d-inline-block\" data-anim-delay=\"200\" data-anim-type=\"fade-in-up\">Que las iglesias est\u00e9n llenas de creyentes bien informados y centrados en las misiones, inspirados y motivados a la acci\u00f3n por las historias de GNA sobre la obra de Dios en la vanguardia del ministerio en todo el mundo.<\/span><\/p><\/div><\/div><\/div><\/div><div class=\"wpb_column vc_column_container vc_col-sm-1 text-left\"><div class=\"vc_column-inner\"><div class=\"wpb_wrapper\"><\/div><\/div><\/div><\/div><div class=\"vc_row wpb_row vc_row-fluid vc_row_visible vc_custom_1686695684879\"><div class=\"wpb_column vc_column_container vc_col-sm-1 text-left\"><div class=\"vc_column-inner\"><div class=\"wpb_wrapper\"><\/div><\/div><\/div><div class=\"wpb_column vc_column_container vc_col-sm-3 text-left\"><div class=\"vc_column-inner\"><div class=\"wpb_wrapper\"><h3 style=\"text-align: left\" class=\"vc_custom_heading\" >MISI\u00d3N<\/h3><\/div><\/div><\/div><div class=\"wpb_column vc_column_container vc_col-sm-7 text-left\"><div class=\"vc_column-inner\"><div class=\"wpb_wrapper\"><div class=\"pix-el-text w-100\" ><p class=\"text-body-default\" ><span class=\"text-body-default animate-in d-inline-block\" data-anim-delay=\"200\" data-anim-type=\"fade-in-up\">Extender una red de cooperaci\u00f3n para la recopilaci\u00f3n de noticias en todo el mundo, de modo que ning\u00fan acontecimiento significativo para la Iglesia quede sin ser informado. <\/span><\/p><\/div><\/div><\/div><\/div><div class=\"wpb_column vc_column_container vc_col-sm-1 text-left\"><div class=\"vc_column-inner\"><div class=\"wpb_wrapper\"><\/div><\/div><\/div><\/div><div class=\"vc_row wpb_row vc_row-fluid vc_row_visible vc_custom_1686695684879\"><div class=\"wpb_column vc_column_container vc_col-sm-1 text-left\"><div class=\"vc_column-inner\"><div class=\"wpb_wrapper\"><\/div><\/div><\/div><div class=\"wpb_column vc_column_container vc_col-sm-3 text-left\"><div class=\"vc_column-inner\"><div class=\"wpb_wrapper\"><h3 style=\"text-align: left\" class=\"vc_custom_heading\" >BASADO EN LA FE<\/h3><\/div><\/div><\/div><div class=\"wpb_column vc_column_container vc_col-sm-7 text-left\"><div class=\"vc_column-inner\"><div class=\"wpb_wrapper\">\n\t<div class=\"wpb_text_column wpb_content_element\" >\n\t\t<div class=\"wpb_wrapper\">\n\t\t\t<p>GNA es miembro de la Asociaci\u00f3n Nacional de Medios Religiosos (NRB) y ha adoptado la Declaraci\u00f3n de Fe de la NRB. Lea aqu\u00ed (en ingl\u00e9s) las creencias que gu\u00edan nuestras vidas y nuestra misi\u00f3n. <a href=\"https:\/\/nrb.org\/who-we-are\/statement-of-faith\/\">Lea aqu\u00ed<\/a>.<\/p>\n\n\t\t<\/div>\n\t<\/div>\n<\/div><\/div><\/div><div class=\"wpb_column vc_column_container vc_col-sm-1 text-left\"><div class=\"vc_column-inner\"><div class=\"wpb_wrapper\"><\/div><\/div><\/div><\/div><div class=\"vc_row wpb_row vc_row-fluid vc_row_visible\"><div class=\"wpb_column vc_column_container vc_col-sm-1 text-left\"><div class=\"vc_column-inner\"><div class=\"wpb_wrapper\"><\/div><\/div><\/div><div class=\"wpb_column vc_column_container vc_col-sm-3 text-left\"><div class=\"vc_column-inner\"><div class=\"wpb_wrapper\"><h3 style=\"text-align: left\" class=\"vc_custom_heading\" >AP ABRI\u00d3 EL CAMINO<\/h3><\/div><\/div><\/div><div class=\"wpb_column vc_column_container vc_col-sm-7 text-left\"><div class=\"vc_column-inner\"><div class=\"wpb_wrapper\"><div class=\"pix-el-text w-100\" ><p class=\"text-body-default\" ><span class=\"text-body-default animate-in d-inline-block\" data-anim-delay=\"200\" data-anim-type=\"fade-in-up\">El concepto no es nuevo. En 1846, cinco peri\u00f3dicos de Nueva York unieron recursos para financiar una ruta de caballos que les llevara noticias de la Guerra de M\u00e9xico m\u00e1s r\u00e1pidamente que la Oficina Postal de Estados Unidos. Lo que aquellos peri\u00f3dicos iniciaron hace muchos a\u00f1os en Nueva York es ahora Associated Press, la agencia de noticias m\u00e1s importante del mundo.<\/span><\/p><\/div><\/div><\/div><\/div><div class=\"wpb_column vc_column_container vc_col-sm-1 text-left\"><div class=\"vc_column-inner\"><div class=\"wpb_wrapper\"><\/div><\/div><\/div><\/div><\/section><div class=\"vc_row-full-width vc_clearfix\"><\/div><div data-vc-full-width=\"true\" data-vc-full-width-init=\"false\" class=\"vc_row wpb_row vc_row-fluid promo-block vc_row_visible vc_custom_1686935127814\"><div class=\"wpb_column vc_column_container vc_col-sm-12 text-left\"><div class=\"vc_column-inner\"><div class=\"wpb_wrapper\"><div class=\"pix-content-box card      vc_custom_1686697659003    rounded-lg shadow-lg shadow-hover-lg bg- text-center  w-100 overflow-hidden\"   ><div class=\"scene scene-over\"><div class=\"pix-scene-particle\"><div class=\"\"><div class=\"pix-scene-elm-res\"><img decoding=\"async\" style=\"width:15%;height:auto;top: -30%;left: -7%; \" alt=\"Particle element\" src=\"https:\/\/gna.news\/wp-content\/uploads\/2023\/06\/particle-semi-circle.png\" class=\"img-fluid pix-scene-elm pix-rotating pix-duration-fast\" ><\/div><\/div><\/div><div class=\"pix-scene-particle\"><div class=\"\"><div class=\"pix-scene-elm-res\"><img decoding=\"async\" style=\"width:70%;height:auto;top: -50%;right: -30%; \" alt=\"Particle element\" src=\"https:\/\/essentials.pixfort.com\/original\/wp-content\/uploads\/sites\/4\/2019\/12\/loop-3.png\" class=\"img-fluid pix-scene-elm pix-rotating-inverse pix-duration-md\" ><\/div><\/div><\/div><\/div><div class=\"\" style=\"z-index:30;position:relative;\"><div class=\"container\"><div class=\"row justify-content-center\"><div class=\"col bg-white2 rounded-lg2  vc_custom_1692211893043 animate-in w-100 m-32 p-42 pix-py-30 col-sm-auto d-md-flex align-items-center text-center text-sm-left justify-content-between2\" style=\"z-index:11;\" data-anim-delay=\"0\" data-anim-type=\"fade-in\"><div class=\"mr-md-5\"><h3 class=\"d-block mr-md-3 mb-md-0 mb-md-0 text-primary font-weight-bold text-primary\" style=\"\">Las potentes herramientas de comunicaci\u00f3n de hoy en d\u00eda permiten a la Alianza Mundial de Noticias \"globalizarse\", conectando instant\u00e1neamente con socios de noticias de Asia a Europa, de \u00c1frica a las Am\u00e9ricas, enriqueciendo el servicio de noticias de GNA con historias de la iglesia en acci\u00f3n pr\u00e1cticamente en todas partes.<\/h3><\/div><\/div><\/div><\/div><div class=\"d-block w-100 text-center\"><a  href=\"https:\/\/gna.news\/es\/stories\/\" class=\"btn mb-2    vc_custom_1691016992231  text-white btn-primary d-inline-block     btn-rounded pix-btn-div btn-md\"     ><span class=\"font-weight-bold\" >Ver las Historias<\/span><\/a><\/div><\/div><\/div><\/div><\/div><\/div><\/div><div class=\"vc_row-full-width vc_clearfix\"><\/div><\/section>","protected":false},"excerpt":{"rendered":"VISIONChurches filled with well-informed, mission-focused believers, inspired and motivated to action by GNA stories of God\u2019s work on the frontlines of ministry everywhere.MISSIONStretch a cooperative news-gathering network around the globe, so that no developments significant to the Church go unreported....","protected":false},"author":1,"featured_media":3693,"parent":0,"menu_order":0,"comment_status":"closed","ping_status":"closed","template":"","meta":{"pgc_meta":"","content-type":"","inline_featured_image":false,"_monsterinsights_skip_tracking":false,"_monsterinsights_sitenote_active":false,"_monsterinsights_sitenote_note":"","_monsterinsights_sitenote_category":0,"footnotes":""},"class_list":["post-64","page","type-page","status-publish","has-post-thumbnail","hentry"],"acf":[],"pgc_meta":"","yoast_head":"<!-- This site is optimized with the Yoast SEO plugin v22.8 - https:\/\/yoast.com\/wordpress\/plugins\/seo\/ -->\n<title>GNA Vision &amp; Mission - Global News Alliance<\/title>\n<meta name=\"robots\" content=\"index, follow, max-snippet:-1, max-image-preview:large, max-video-preview:-1\" \/>\n<link rel=\"canonical\" href=\"https:\/\/gna.news\/es\/vision\/\" \/>\n<meta property=\"og:locale\" content=\"es_ES\" \/>\n<meta property=\"og:type\" content=\"article\" \/>\n<meta property=\"og:title\" content=\"GNA Vision &amp; Mission - Global News Alliance\" \/>\n<meta property=\"og:url\" content=\"https:\/\/gna.news\/es\/vision\/\" \/>\n<meta property=\"og:site_name\" content=\"Global News Alliance\" \/>\n<meta property=\"article:modified_time\" content=\"2024-02-14T16:24:51+00:00\" \/>\n<meta property=\"og:image\" content=\"https:\/\/gna.news\/wp-content\/uploads\/2023\/06\/donate-pic.jpg\" \/>\n\t<meta property=\"og:image:width\" content=\"2000\" \/>\n\t<meta property=\"og:image:height\" content=\"892\" \/>\n\t<meta property=\"og:image:type\" content=\"image\/jpeg\" \/>\n<meta name=\"twitter:card\" content=\"summary_large_image\" \/>\n<meta name=\"twitter:label1\" content=\"Tiempo de lectura\" \/>\n\t<meta name=\"twitter:data1\" content=\"2 minutos\" \/>\n<script type=\"application\/ld+json\" class=\"yoast-schema-graph\">{\"@context\":\"https:\/\/schema.org\",\"@graph\":[{\"@type\":\"WebPage\",\"@id\":\"https:\/\/gna.news\/vision\/\",\"url\":\"https:\/\/gna.news\/vision\/\",\"name\":\"GNA Vision & Mission - Global News Alliance\",\"isPartOf\":{\"@id\":\"https:\/\/gna.news\/#website\"},\"primaryImageOfPage\":{\"@id\":\"https:\/\/gna.news\/vision\/#primaryimage\"},\"image\":{\"@id\":\"https:\/\/gna.news\/vision\/#primaryimage\"},\"thumbnailUrl\":\"https:\/\/gna.news\/wp-content\/uploads\/2023\/06\/donate-pic.jpg\",\"datePublished\":\"2023-03-09T17:06:33+00:00\",\"dateModified\":\"2024-02-14T16:24:51+00:00\",\"breadcrumb\":{\"@id\":\"https:\/\/gna.news\/vision\/#breadcrumb\"},\"inLanguage\":\"es\",\"potentialAction\":[{\"@type\":\"ReadAction\",\"target\":[\"https:\/\/gna.news\/vision\/\"]}]},{\"@type\":\"ImageObject\",\"inLanguage\":\"es\",\"@id\":\"https:\/\/gna.news\/vision\/#primaryimage\",\"url\":\"https:\/\/gna.news\/wp-content\/uploads\/2023\/06\/donate-pic.jpg\",\"contentUrl\":\"https:\/\/gna.news\/wp-content\/uploads\/2023\/06\/donate-pic.jpg\",\"width\":2000,\"height\":892},{\"@type\":\"BreadcrumbList\",\"@id\":\"https:\/\/gna.news\/vision\/#breadcrumb\",\"itemListElement\":[{\"@type\":\"ListItem\",\"position\":1,\"name\":\"Home\",\"item\":\"https:\/\/gna.news\/\"},{\"@type\":\"ListItem\",\"position\":2,\"name\":\"GNA Vision &#038; Mission\"}]},{\"@type\":\"WebSite\",\"@id\":\"https:\/\/gna.news\/#website\",\"url\":\"https:\/\/gna.news\/\",\"name\":\"Global News Alliance\",\"description\":\"The Global News Alliance\",\"potentialAction\":[{\"@type\":\"SearchAction\",\"target\":{\"@type\":\"EntryPoint\",\"urlTemplate\":\"https:\/\/gna.news\/?s={search_term_string}\"},\"query-input\":\"required name=search_term_string\"}],\"inLanguage\":\"es\"}]}<\/script>\n<!-- \/ Yoast SEO plugin. -->","yoast_head_json":{"title":"GNA Vision & Mission - Global News Alliance","robots":{"index":"index","follow":"follow","max-snippet":"max-snippet:-1","max-image-preview":"max-image-preview:large","max-video-preview":"max-video-preview:-1"},"canonical":"https:\/\/gna.news\/es\/vision\/","og_locale":"es_ES","og_type":"article","og_title":"GNA Vision & Mission - Global News Alliance","og_url":"https:\/\/gna.news\/es\/vision\/","og_site_name":"Global News Alliance","article_modified_time":"2024-02-14T16:24:51+00:00","og_image":[{"width":2000,"height":892,"url":"https:\/\/gna.news\/wp-content\/uploads\/2023\/06\/donate-pic.jpg","type":"image\/jpeg"}],"twitter_card":"summary_large_image","twitter_misc":{"Tiempo de lectura":"2 minutos"},"schema":{"@context":"https:\/\/schema.org","@graph":[{"@type":"WebPage","@id":"https:\/\/gna.news\/vision\/","url":"https:\/\/gna.news\/vision\/","name":"GNA Vision & Mission - Global News Alliance","isPartOf":{"@id":"https:\/\/gna.news\/#website"},"primaryImageOfPage":{"@id":"https:\/\/gna.news\/vision\/#primaryimage"},"image":{"@id":"https:\/\/gna.news\/vision\/#primaryimage"},"thumbnailUrl":"https:\/\/gna.news\/wp-content\/uploads\/2023\/06\/donate-pic.jpg","datePublished":"2023-03-09T17:06:33+00:00","dateModified":"2024-02-14T16:24:51+00:00","breadcrumb":{"@id":"https:\/\/gna.news\/vision\/#breadcrumb"},"inLanguage":"es","potentialAction":[{"@type":"ReadAction","target":["https:\/\/gna.news\/vision\/"]}]},{"@type":"ImageObject","inLanguage":"es","@id":"https:\/\/gna.news\/vision\/#primaryimage","url":"https:\/\/gna.news\/wp-content\/uploads\/2023\/06\/donate-pic.jpg","contentUrl":"https:\/\/gna.news\/wp-content\/uploads\/2023\/06\/donate-pic.jpg","width":2000,"height":892},{"@type":"BreadcrumbList","@id":"https:\/\/gna.news\/vision\/#breadcrumb","itemListElement":[{"@type":"ListItem","position":1,"name":"Home","item":"https:\/\/gna.news\/"},{"@type":"ListItem","position":2,"name":"GNA Vision &#038; Mission"}]},{"@type":"WebSite","@id":"https:\/\/gna.news\/#website","url":"https:\/\/gna.news\/","name":"Global News Alliance","description":"The Global News Alliance","potentialAction":[{"@type":"SearchAction","target":{"@type":"EntryPoint","urlTemplate":"https:\/\/gna.news\/?s={search_term_string}"},"query-input":"required name=search_term_string"}],"inLanguage":"es"}]}},"rttpg_featured_image_url":{"full":["https:\/\/gna.news\/wp-content\/uploads\/2023\/06\/donate-pic.jpg",2000,892,false],"landscape":["https:\/\/gna.news\/wp-content\/uploads\/2023\/06\/donate-pic.jpg",2000,892,false],"portraits":["https:\/\/gna.news\/wp-content\/uploads\/2023\/06\/donate-pic.jpg",2000,892,false],"thumbnail":["https:\/\/gna.news\/wp-content\/uploads\/2023\/06\/donate-pic-150x150.jpg",150,150,true],"medium":["https:\/\/gna.news\/wp-content\/uploads\/2023\/06\/donate-pic-300x134.jpg",300,134,true],"large":["https:\/\/gna.news\/wp-content\/uploads\/2023\/06\/donate-pic-1024x457.jpg",640,286,true],"1536x1536":["https:\/\/gna.news\/wp-content\/uploads\/2023\/06\/donate-pic-1536x685.jpg",1536,685,true],"2048x2048":["https:\/\/gna.news\/wp-content\/uploads\/2023\/06\/donate-pic.jpg",2000,892,false],"trp-custom-language-flag":["https:\/\/gna.news\/wp-content\/uploads\/2023\/06\/donate-pic.jpg",18,8,false],"pix-blog-small":["https:\/\/gna.news\/wp-content\/uploads\/2023\/06\/donate-pic-622x400.jpg",622,400,true],"pix-portfolio-small":["https:\/\/gna.news\/wp-content\/uploads\/2023\/06\/donate-pic-600x450.jpg",600,450,true],"pix-big":["https:\/\/gna.news\/wp-content\/uploads\/2023\/06\/donate-pic-600x450.jpg",600,450,true],"pix-square-sm":["https:\/\/gna.news\/wp-content\/uploads\/2023\/06\/donate-pic-400x400.jpg",400,400,true],"pix-woocommerce-xs":["https:\/\/gna.news\/wp-content\/uploads\/2023\/06\/donate-pic-75x75.jpg",75,75,true],"pix-woocommerce-md":["https:\/\/gna.news\/wp-content\/uploads\/2023\/06\/donate-pic-460x460.jpg",460,460,true],"pix-xxl":["https:\/\/gna.news\/wp-content\/uploads\/2023\/06\/donate-pic-1920x892.jpg",1920,892,true],"rt_custom":["https:\/\/gna.news\/wp-content\/uploads\/2023\/06\/donate-pic.jpg",2000,892,false]},"rttpg_author":{"display_name":"David","author_link":"https:\/\/gna.news\/es\/story-item\/author\/dlawson\/"},"rttpg_comment":0,"rttpg_category":null,"rttpg_excerpt":null,"_links":{"self":[{"href":"https:\/\/gna.news\/es\/wp-json\/wp\/v2\/pages\/64","targetHints":{"allow":["GET"]}}],"collection":[{"href":"https:\/\/gna.news\/es\/wp-json\/wp\/v2\/pages"}],"about":[{"href":"https:\/\/gna.news\/es\/wp-json\/wp\/v2\/types\/page"}],"author":[{"embeddable":true,"href":"https:\/\/gna.news\/es\/wp-json\/wp\/v2\/users\/1"}],"replies":[{"embeddable":true,"href":"https:\/\/gna.news\/es\/wp-json\/wp\/v2\/comments?post=64"}],"version-history":[{"count":0,"href":"https:\/\/gna.news\/es\/wp-json\/wp\/v2\/pages\/64\/revisions"}],"wp:featuredmedia":[{"embeddable":true,"href":"https:\/\/gna.news\/es\/wp-json\/wp\/v2\/media\/3693"}],"wp:attachment":[{"href":"https:\/\/gna.news\/es\/wp-json\/wp\/v2\/media?parent=64"}],"curies":[{"name":"wp","href":"https:\/\/api.w.org\/{rel}","templated":true}]}}