{"id":77,"date":"2023-03-09T19:43:40","date_gmt":"2023-03-09T19:43:40","guid":{"rendered":"https:\/\/globalnewsally.wpengine.com\/?page_id=77"},"modified":"2025-10-02T14:25:43","modified_gmt":"2025-10-02T14:25:43","slug":"exchange","status":"publish","type":"page","link":"https:\/\/gna.news\/es\/exchange\/","title":{"rendered":"Una alianza de noticias innovadora"},"content":{"rendered":"<section class=\"wpb-content-wrapper\"><div data-vc-full-width=\"true\" data-vc-full-width-init=\"false\" class=\"vc_row wpb_row vc_row-fluid promo-block vc_row_visible vc_custom_1686696502037\"><div class=\"wpb_column vc_column_container vc_col-sm-12 text-left\"><div class=\"vc_column-inner\"><div class=\"wpb_wrapper\"><div class=\"pix-content-box card      vc_custom_1686697659003    rounded-lg shadow-lg shadow-hover-lg bg- text-center  w-100 overflow-hidden\"   ><div class=\"scene scene-over\"><div class=\"pix-scene-particle\"><div class=\"\"><div class=\"pix-scene-elm-res\"><img decoding=\"async\" style=\"width:15%;height:auto;top: -30%;left: -7%; \" alt=\"Particle element\" src=\"https:\/\/gna.news\/wp-content\/uploads\/2023\/06\/particle-semi-circle.png\" class=\"img-fluid pix-scene-elm pix-rotating pix-duration-fast\" ><\/div><\/div><\/div><div class=\"pix-scene-particle\"><div class=\"\"><div class=\"pix-scene-elm-res\"><img decoding=\"async\" style=\"width:70%;height:auto;top: -50%;right: -30%; \" alt=\"Particle element\" src=\"https:\/\/essentials.pixfort.com\/original\/wp-content\/uploads\/sites\/4\/2019\/12\/loop-3.png\" class=\"img-fluid pix-scene-elm pix-rotating-inverse pix-duration-md\" ><\/div><\/div><\/div><\/div><div class=\"\" style=\"z-index:30;position:relative;\"><div class=\"container\"><div class=\"row justify-content-center\"><div class=\"col bg-white2 rounded-lg2  vc_custom_1692222402140 animate-in w-100 m-32 p-42 pix-py-30 col-sm-auto d-md-flex align-items-center text-center text-sm-left justify-content-between2\" style=\"z-index:11;\" data-anim-delay=\"0\" data-anim-type=\"fade-in\"><div class=\"mr-md-5\"><h3 class=\"d-block mr-md-3 mb-md-0 mb-md-0 text-primary font-weight-bold text-primary\" style=\"\">Para recopilar historias nunca antes contadas, la Alianza Global de Noticias no s\u00f3lo se asocia con canales de televisi\u00f3n y ministerios internacionales, sino que tambi\u00e9n forma y capacita a periodistas que utilizan tel\u00e9fonos m\u00f3viles. Vea el breve v\u00eddeo explicativo a continuaci\u00f3n.<\/h3><\/div><\/div><\/div><\/div><\/div><\/div><\/div><\/div><\/div><\/div><div class=\"vc_row-full-width vc_clearfix\"><\/div><div class=\"vc_row wpb_row vc_row-fluid vc_row_visible\"><div class=\"wpb_column vc_column_container vc_col-sm-12 text-left\"><div class=\"vc_column-inner\"><div class=\"wpb_wrapper\">\n\t<div class=\"wpb_video_widget wpb_content_element vc_clearfix  video-player  vc_video-aspect-ratio-169 vc_video-el-width-100 vc_video-align-center\" >\n\t\t<div class=\"wpb_wrapper\">\n\t\t\t\n\t\t\t<div class=\"wpb_video_wrapper\"><iframe src=\"https:\/\/player.vimeo.com\/video\/647880991?dnt=1&amp;app_id=122963\" width=\"640\" height=\"360\" frameborder=\"0\" allow=\"autoplay; fullscreen; picture-in-picture; clipboard-write\"><\/iframe><\/div>\n\t\t<\/div>\n\t<\/div>\n<\/div><\/div><\/div><\/div><div class=\"vc_row wpb_row vc_row-fluid vc_row_visible\"><div class=\"wpb_column vc_column_container vc_col-sm-12 text-left\"><div class=\"vc_column-inner\"><div class=\"wpb_wrapper\"><div class=\"pix-el-text w-100\" ><p class=\"text-body-default\" >You can join the Global News Alliance by using the buttons below<\/p><\/div><\/div><\/div><\/div><\/div><div class=\"vc_row wpb_row vc_row-fluid vc_row_visible\"><div class=\"wpb_column vc_column_container vc_col-sm-3 text-left\"><div class=\"vc_column-inner\"><div class=\"wpb_wrapper\"><div class=\"d-block w-100 text-center\"><a  href=\"https:\/\/gna.news\/es\/report-the-news\/\" class=\"btn mb-2 float-buttons    text-white btn-primary d-inline-block      pix-btn-div btn-md\" target=\"_blank\" rel=\"noopener\"    ><span class=\"font-weight-bold\" >Report the News<\/span><\/a><\/div><\/div><\/div><\/div><div class=\"wpb_column vc_column_container vc_col-sm-3 text-left\"><div class=\"vc_column-inner\"><div class=\"wpb_wrapper\"><div class=\"d-block w-100 text-center\"><a  href=\"https:\/\/gna.news\/es\/broadcast-the-news\/\" class=\"btn mb-2 float-buttons    text-white btn-primary d-inline-block      pix-btn-div btn-md\" target=\"_blank\" rel=\"noopener\"    ><span class=\"font-weight-bold\" >Broadcast the News<\/span><\/a><\/div><\/div><\/div><\/div><div class=\"wpb_column vc_column_container vc_col-sm-3 text-left\"><div class=\"vc_column-inner\"><div class=\"wpb_wrapper\"><div class=\"d-block w-100 text-center\"><a  href=\"https:\/\/gna.news\/es\/fund-the-ministry\/\" class=\"btn mb-2 float-buttons    text-white btn-orange d-inline-block      pix-btn-div btn-md\" target=\"_blank\" rel=\"noopener\"    ><span class=\"font-weight-bold\" >Fund the Ministry<\/span><\/a><\/div><\/div><\/div><\/div><div class=\"wpb_column vc_column_container vc_col-sm-3 text-left\"><div class=\"vc_column-inner\"><div class=\"wpb_wrapper\"><div class=\"d-block w-100 text-center\"><a  href=\"https:\/\/gna.news\/es\/gna-academy\/\" class=\"btn mb-2 float-buttons    text-white btn-primary d-inline-block      pix-btn-div btn-md\" target=\"_blank\" rel=\"noopener\"    ><span class=\"font-weight-bold\" >GNA Academy<\/span><\/a><\/div><\/div><\/div><\/div><\/div><\/section>","protected":false},"excerpt":{"rendered":"To gather previously untold stories, the Global News Alliance not only partners with international broadcasters and ministries, we are also training and empowering smartphone journalists. See the short Explainer Video below. You can join the Global News Alliance by using...","protected":false},"author":1,"featured_media":0,"parent":0,"menu_order":0,"comment_status":"closed","ping_status":"closed","template":"","meta":{"pgc_meta":"","content-type":"","inline_featured_image":false,"_monsterinsights_skip_tracking":false,"_monsterinsights_sitenote_active":false,"_monsterinsights_sitenote_note":"","_monsterinsights_sitenote_category":0,"footnotes":""},"class_list":["post-77","page","type-page","status-publish","hentry"],"acf":[],"pgc_meta":"","yoast_head":"<!-- This site is optimized with the Yoast SEO plugin v22.8 - https:\/\/yoast.com\/wordpress\/plugins\/seo\/ -->\n<title>An Innovative News Partnership - Global News Alliance<\/title>\n<meta name=\"robots\" content=\"index, follow, max-snippet:-1, max-image-preview:large, max-video-preview:-1\" \/>\n<link rel=\"canonical\" href=\"https:\/\/gna.news\/es\/exchange\/\" \/>\n<meta property=\"og:locale\" content=\"es_ES\" \/>\n<meta property=\"og:type\" content=\"article\" \/>\n<meta property=\"og:title\" content=\"An Innovative News Partnership - Global News Alliance\" \/>\n<meta property=\"og:url\" content=\"https:\/\/gna.news\/es\/exchange\/\" \/>\n<meta property=\"og:site_name\" content=\"Global News Alliance\" \/>\n<meta property=\"article:modified_time\" content=\"2025-10-02T14:25:43+00:00\" \/>\n<meta name=\"twitter:card\" content=\"summary_large_image\" \/>\n<meta name=\"twitter:label1\" content=\"Tiempo de lectura\" \/>\n\t<meta name=\"twitter:data1\" content=\"1 minuto\" \/>\n<script type=\"application\/ld+json\" class=\"yoast-schema-graph\">{\"@context\":\"https:\/\/schema.org\",\"@graph\":[{\"@type\":\"WebPage\",\"@id\":\"https:\/\/gna.news\/exchange\/\",\"url\":\"https:\/\/gna.news\/exchange\/\",\"name\":\"An Innovative News Partnership - Global News Alliance\",\"isPartOf\":{\"@id\":\"https:\/\/gna.news\/#website\"},\"datePublished\":\"2023-03-09T19:43:40+00:00\",\"dateModified\":\"2025-10-02T14:25:43+00:00\",\"breadcrumb\":{\"@id\":\"https:\/\/gna.news\/exchange\/#breadcrumb\"},\"inLanguage\":\"es\",\"potentialAction\":[{\"@type\":\"ReadAction\",\"target\":[\"https:\/\/gna.news\/exchange\/\"]}]},{\"@type\":\"BreadcrumbList\",\"@id\":\"https:\/\/gna.news\/exchange\/#breadcrumb\",\"itemListElement\":[{\"@type\":\"ListItem\",\"position\":1,\"name\":\"Home\",\"item\":\"https:\/\/gna.news\/\"},{\"@type\":\"ListItem\",\"position\":2,\"name\":\"An Innovative News Partnership\"}]},{\"@type\":\"WebSite\",\"@id\":\"https:\/\/gna.news\/#website\",\"url\":\"https:\/\/gna.news\/\",\"name\":\"Global News Alliance\",\"description\":\"The Global News Alliance\",\"potentialAction\":[{\"@type\":\"SearchAction\",\"target\":{\"@type\":\"EntryPoint\",\"urlTemplate\":\"https:\/\/gna.news\/?s={search_term_string}\"},\"query-input\":\"required name=search_term_string\"}],\"inLanguage\":\"es\"}]}<\/script>\n<!-- \/ Yoast SEO plugin. -->","yoast_head_json":{"title":"An Innovative News Partnership - Global News Alliance","robots":{"index":"index","follow":"follow","max-snippet":"max-snippet:-1","max-image-preview":"max-image-preview:large","max-video-preview":"max-video-preview:-1"},"canonical":"https:\/\/gna.news\/es\/exchange\/","og_locale":"es_ES","og_type":"article","og_title":"An Innovative News Partnership - Global News Alliance","og_url":"https:\/\/gna.news\/es\/exchange\/","og_site_name":"Global News Alliance","article_modified_time":"2025-10-02T14:25:43+00:00","twitter_card":"summary_large_image","twitter_misc":{"Tiempo de lectura":"1 minuto"},"schema":{"@context":"https:\/\/schema.org","@graph":[{"@type":"WebPage","@id":"https:\/\/gna.news\/exchange\/","url":"https:\/\/gna.news\/exchange\/","name":"An Innovative News Partnership - Global News Alliance","isPartOf":{"@id":"https:\/\/gna.news\/#website"},"datePublished":"2023-03-09T19:43:40+00:00","dateModified":"2025-10-02T14:25:43+00:00","breadcrumb":{"@id":"https:\/\/gna.news\/exchange\/#breadcrumb"},"inLanguage":"es","potentialAction":[{"@type":"ReadAction","target":["https:\/\/gna.news\/exchange\/"]}]},{"@type":"BreadcrumbList","@id":"https:\/\/gna.news\/exchange\/#breadcrumb","itemListElement":[{"@type":"ListItem","position":1,"name":"Home","item":"https:\/\/gna.news\/"},{"@type":"ListItem","position":2,"name":"An Innovative News Partnership"}]},{"@type":"WebSite","@id":"https:\/\/gna.news\/#website","url":"https:\/\/gna.news\/","name":"Global News Alliance","description":"The Global News Alliance","potentialAction":[{"@type":"SearchAction","target":{"@type":"EntryPoint","urlTemplate":"https:\/\/gna.news\/?s={search_term_string}"},"query-input":"required name=search_term_string"}],"inLanguage":"es"}]}},"rttpg_featured_image_url":null,"rttpg_author":{"display_name":"David","author_link":"https:\/\/gna.news\/es\/story-item\/author\/dlawson\/"},"rttpg_comment":0,"rttpg_category":null,"rttpg_excerpt":null,"_links":{"self":[{"href":"https:\/\/gna.news\/es\/wp-json\/wp\/v2\/pages\/77","targetHints":{"allow":["GET"]}}],"collection":[{"href":"https:\/\/gna.news\/es\/wp-json\/wp\/v2\/pages"}],"about":[{"href":"https:\/\/gna.news\/es\/wp-json\/wp\/v2\/types\/page"}],"author":[{"embeddable":true,"href":"https:\/\/gna.news\/es\/wp-json\/wp\/v2\/users\/1"}],"replies":[{"embeddable":true,"href":"https:\/\/gna.news\/es\/wp-json\/wp\/v2\/comments?post=77"}],"version-history":[{"count":0,"href":"https:\/\/gna.news\/es\/wp-json\/wp\/v2\/pages\/77\/revisions"}],"wp:attachment":[{"href":"https:\/\/gna.news\/es\/wp-json\/wp\/v2\/media?parent=77"}],"curies":[{"name":"wp","href":"https:\/\/api.w.org\/{rel}","templated":true}]}}